{"id":15178,"date":"2022-04-16T23:51:28","date_gmt":"2022-04-16T23:51:28","guid":{"rendered":"https:\/\/activiture.com\/about-us\/"},"modified":"2025-03-04T02:41:37","modified_gmt":"2025-03-04T02:41:37","slug":"about-us","status":"publish","type":"page","link":"https:\/\/activiture.com\/en\/about-us\/","title":{"rendered":"About Us"},"content":{"rendered":"\t\t<div data-elementor-type=\"wp-page\" data-elementor-id=\"15178\" class=\"elementor elementor-15178 elementor-807\" data-elementor-post-type=\"page\">\n\t\t\t\t\t\t<section class=\"elementor-section elementor-top-section elementor-element elementor-element-1e2f5304 elementor-section-boxed elementor-section-height-default elementor-section-height-default\" data-id=\"1e2f5304\" data-element_type=\"section\" data-e-type=\"section\">\n\t\t\t\t\t\t<div class=\"elementor-container elementor-column-gap-default\">\n\t\t\t\t\t<div class=\"elementor-column elementor-col-100 elementor-top-column elementor-element elementor-element-6aae9b20\" data-id=\"6aae9b20\" data-element_type=\"column\" data-e-type=\"column\">\n\t\t\t<div class=\"elementor-widget-wrap elementor-element-populated\">\n\t\t\t\t<div class=\"elementor-element elementor-element-1ed2a46 e-flex e-con-boxed e-con e-parent\" data-id=\"1ed2a46\" data-element_type=\"container\" data-e-type=\"container\">\n\t\t\t\t\t<div class=\"e-con-inner\">\n\t\t\t\t\t<\/div>\n\t\t\t\t<\/div>\n\t\t\t\t<div class=\"elementor-element elementor-element-4bbaade elementor-widget elementor-widget-heading\" data-id=\"4bbaade\" data-element_type=\"widget\" data-e-type=\"widget\" data-widget_type=\"heading.default\">\n\t\t\t\t\t<h2 class=\"elementor-heading-title elementor-size-default\">ABOUT US <\/h2>\t\t\t\t<\/div>\n\t\t\t\t<div class=\"elementor-element elementor-element-2eecd387 elementor-widget elementor-widget-heading\" data-id=\"2eecd387\" data-element_type=\"widget\" data-e-type=\"widget\" data-widget_type=\"heading.default\">\n\t\t\t\t\t<h2 class=\"elementor-heading-title elementor-size-default\">Activiture is a brand of Hanuman Travel, a young and dynamic company born in 2017 in Fethiye-\u00d6l\u00fcdeniz, the hub for paragliding enthusiasts. In 2024, <span>As a professional mountaineer and nature enthusiast, G\u00fcnt\u00fcl\u00fc Yal\u00e7\u0131n created the Activiture brand. She has lived her life like an adventure novel, hitchhiking through 36 countries and all 81 provinces of Turkey, reaching the summit of Mount Ararat with the first visually impaired woman to do so, and winning an award by paddling a canoe along the 100 km Peace Trail from Mersin to Cyprus. Our founder, who has added hundreds of road stories, summit climbs, and trail walks to her life, embarked on her journey with the motto that everyone should be able to experience this, learn as they travel, and travel more as they learn...<\/span><span><\/span><br><\/h2>\t\t\t\t<\/div>\n\t\t\t\t\t<\/div>\n\t\t<\/div>\n\t\t\t\t\t<\/div>\n\t\t<\/section>\n\t\t\t\t<section class=\"elementor-section elementor-top-section elementor-element elementor-element-6a5a94e3 elementor-section-boxed elementor-section-height-default elementor-section-height-default\" data-id=\"6a5a94e3\" data-element_type=\"section\" data-e-type=\"section\">\n\t\t\t\t\t\t<div class=\"elementor-container elementor-column-gap-default\">\n\t\t\t\t\t<div class=\"elementor-column elementor-col-50 elementor-top-column elementor-element elementor-element-52410987\" data-id=\"52410987\" data-element_type=\"column\" data-e-type=\"column\">\n\t\t\t<div class=\"elementor-widget-wrap elementor-element-populated\">\n\t\t\t\t\t\t<div class=\"elementor-element elementor-element-54e053c2 elementor-widget elementor-widget-heading\" data-id=\"54e053c2\" data-element_type=\"widget\" data-e-type=\"widget\" data-widget_type=\"heading.default\">\n\t\t\t\t\t<h2 class=\"elementor-heading-title elementor-size-default\">Our Mission<\/h2>\t\t\t\t<\/div>\n\t\t\t\t<div class=\"elementor-element elementor-element-363cb770 elementor-widget elementor-widget-heading\" data-id=\"363cb770\" data-element_type=\"widget\" data-e-type=\"widget\" data-widget_type=\"heading.default\">\n\t\t\t\t\t<h2 class=\"elementor-heading-title elementor-size-default\">Our mission at Activiture is to bring together individuals passionate about nature and adventure sports, providing them with safe and high-quality experiences. Our priority is to ensure that each of our customers experiences unforgettable moments, using professional teams and the highest standard equipment. By emphasizing cultural values and natural beauty, we offer both local and international guests the opportunity to explore the riches of Turkey. Additionally, we are committed to protecting nature and passing it on to future generations through environmentally sensitive and sustainable tourism practices.<\/h2>\t\t\t\t<\/div>\n\t\t\t\t\t<\/div>\n\t\t<\/div>\n\t\t\t\t<div class=\"elementor-column elementor-col-50 elementor-top-column elementor-element elementor-element-3acbe6d7\" data-id=\"3acbe6d7\" data-element_type=\"column\" data-e-type=\"column\">\n\t\t\t<div class=\"elementor-widget-wrap elementor-element-populated\">\n\t\t\t\t\t\t<div class=\"elementor-element elementor-element-5c6b690d elementor-widget elementor-widget-heading\" data-id=\"5c6b690d\" data-element_type=\"widget\" data-e-type=\"widget\" data-widget_type=\"heading.default\">\n\t\t\t\t\t<h2 class=\"elementor-heading-title elementor-size-default\">Our Vision<\/h2>\t\t\t\t<\/div>\n\t\t\t\t<div class=\"elementor-element elementor-element-8ba4a4c elementor-widget elementor-widget-heading\" data-id=\"8ba4a4c\" data-element_type=\"widget\" data-e-type=\"widget\" data-widget_type=\"heading.default\">\n\t\t\t\t\t<h2 class=\"elementor-heading-title elementor-size-default\">As Activiture, our vision is to become a globally recognized and preferred leading adventure tourism brand. In this direction, we aim to raise the standards in the sector by offering innovative solutions in all our services and to create an exemplary model in sustainable tourism and sports tourism. Our primary goals include positioning Turkey as the center of adventure tourism in the global tourism market, promoting our country's natural and cultural heritage around the world and achieving international success in this field. We aim to provide an accessible and inclusive tourism experience for all, keeping the safety and satisfaction of our guests at the highest level.<\/h2>\t\t\t\t<\/div>\n\t\t\t\t\t<\/div>\n\t\t<\/div>\n\t\t\t\t\t<\/div>\n\t\t<\/section>\n\t\t<div class=\"elementor-element elementor-element-b6771da e-flex e-con-boxed e-con e-parent\" data-id=\"b6771da\" data-element_type=\"container\" data-e-type=\"container\">\n\t\t\t\t\t<div class=\"e-con-inner\">\n\t\t\t\t<div class=\"elementor-element elementor-element-eda8bbb elementor-cta--skin-classic elementor-animated-content elementor-bg-transform elementor-bg-transform-zoom-in elementor-widget elementor-widget-call-to-action\" data-id=\"eda8bbb\" data-element_type=\"widget\" data-e-type=\"widget\" data-widget_type=\"call-to-action.default\">\n\t\t\t\t\t\t\t<div class=\"elementor-cta\">\n\t\t\t\t\t<div class=\"elementor-cta__bg-wrapper\">\n\t\t\t\t<div class=\"elementor-cta__bg elementor-bg\" style=\"background-image: url(https:\/\/activiture.com\/wp-content\/plugins\/elementor\/assets\/images\/placeholder.png);\" role=\"img\" aria-label=\"\"><\/div>\n\t\t\t\t<div class=\"elementor-cta__bg-overlay\"><\/div>\n\t\t\t<\/div>\n\t\t\t\t\t\t\t<div class=\"elementor-cta__content\">\n\t\t\t\t\n\t\t\t\t\t\t\t\t\t<h2 class=\"elementor-cta__title elementor-cta__content-item elementor-content-item\">\n\t\t\t\t\t\tStart Exploring with Activiture!\t\t\t\t\t<\/h2>\n\t\t\t\t\n\t\t\t\t\t\t\t\t\t<div class=\"elementor-cta__description elementor-cta__content-item elementor-content-item\">\n\t\t\t\t\t\tOur world is beautiful. There is so much to discover.... Where do you want to start? Let's Choose!\t\t\t\t\t<\/div>\n\t\t\t\t\n\t\t\t\t\t\t\t\t\t<div class=\"elementor-cta__button-wrapper elementor-cta__content-item elementor-content-item \">\n\t\t\t\t\t<a class=\"elementor-cta__button elementor-button elementor-size-\" href=\"https:\/\/activiture.com\/en\/\">\n\t\t\t\t\t\tAll Services\t\t\t\t\t<\/a>\n\t\t\t\t\t<\/div>\n\t\t\t\t\t\t\t<\/div>\n\t\t\t\t\t\t<\/div>\n\t\t\t\t\t\t<\/div>\n\t\t\t\t\t<\/div>\n\t\t\t\t<\/div>\n\t\t\t\t<\/div>\n\t\t","protected":false},"excerpt":{"rendered":"<p>ABOUT US Activiture is a brand of Hanuman Travel, a young and dynamic company born in 2017 in Fethiye-\u00d6l\u00fcdeniz, the hub for paragliding enthusiasts. In 2024, As a professional mountaineer and nature enthusiast, G\u00fcnt\u00fcl\u00fc Yal\u00e7\u0131n created the Activiture brand. She has lived her life like an adventure novel, hitchhiking through 36 countries and all 81 [&hellip;]<\/p>\n","protected":false},"author":1,"featured_media":14870,"parent":0,"menu_order":0,"comment_status":"closed","ping_status":"closed","template":"template-blank.php","meta":{"footnotes":""},"class_list":["post-15178","page","type-page","status-publish","has-post-thumbnail","hentry"],"yoast_head":"<!-- This site is optimized with the Yoast SEO plugin v27.4 - https:\/\/yoast.com\/product\/yoast-seo-wordpress\/ -->\n<title>About Us - Activiture T\u00fcrkiye<\/title>\n<meta name=\"robots\" content=\"index, follow, max-snippet:-1, max-image-preview:large, max-video-preview:-1\" \/>\n<link rel=\"canonical\" href=\"https:\/\/activiture.com\/en\/about-us\/\" \/>\n<meta property=\"og:locale\" content=\"en_US\" \/>\n<meta property=\"og:type\" content=\"article\" \/>\n<meta property=\"og:title\" content=\"About Us - Activiture T\u00fcrkiye\" \/>\n<meta property=\"og:description\" content=\"ABOUT US Activiture is a brand of Hanuman Travel, a young and dynamic company born in 2017 in Fethiye-\u00d6l\u00fcdeniz, the hub for paragliding enthusiasts. In 2024, As a professional mountaineer and nature enthusiast, G\u00fcnt\u00fcl\u00fc Yal\u00e7\u0131n created the Activiture brand. She has lived her life like an adventure novel, hitchhiking through 36 countries and all 81 [&hellip;]\" \/>\n<meta property=\"og:url\" content=\"https:\/\/activiture.com\/en\/about-us\/\" \/>\n<meta property=\"og:site_name\" content=\"Activiture T\u00fcrkiye\" \/>\n<meta property=\"article:modified_time\" content=\"2025-03-04T02:41:37+00:00\" \/>\n<meta property=\"og:image\" content=\"https:\/\/activiture.com\/wp-content\/uploads\/2024\/07\/hakkimizda.jpg\" \/>\n\t<meta property=\"og:image:width\" content=\"1871\" \/>\n\t<meta property=\"og:image:height\" content=\"600\" \/>\n\t<meta property=\"og:image:type\" content=\"image\/jpeg\" \/>\n<meta name=\"twitter:card\" content=\"summary_large_image\" \/>\n<meta name=\"twitter:label1\" content=\"Est. reading time\" \/>\n\t<meta name=\"twitter:data1\" content=\"2 minutes\" \/>\n<script type=\"application\/ld+json\" class=\"yoast-schema-graph\">{\"@context\":\"https:\\\/\\\/schema.org\",\"@graph\":[{\"@type\":\"WebPage\",\"@id\":\"https:\\\/\\\/activiture.com\\\/en\\\/about-us\\\/\",\"url\":\"https:\\\/\\\/activiture.com\\\/en\\\/about-us\\\/\",\"name\":\"About Us - Activiture T\u00fcrkiye\",\"isPartOf\":{\"@id\":\"https:\\\/\\\/activiture.com\\\/en\\\/#website\"},\"primaryImageOfPage\":{\"@id\":\"https:\\\/\\\/activiture.com\\\/en\\\/about-us\\\/#primaryimage\"},\"image\":{\"@id\":\"https:\\\/\\\/activiture.com\\\/en\\\/about-us\\\/#primaryimage\"},\"thumbnailUrl\":\"https:\\\/\\\/activiture.com\\\/wp-content\\\/uploads\\\/2024\\\/07\\\/hakkimizda.jpg\",\"datePublished\":\"2022-04-16T23:51:28+00:00\",\"dateModified\":\"2025-03-04T02:41:37+00:00\",\"breadcrumb\":{\"@id\":\"https:\\\/\\\/activiture.com\\\/en\\\/about-us\\\/#breadcrumb\"},\"inLanguage\":\"en-US\",\"potentialAction\":[{\"@type\":\"ReadAction\",\"target\":[\"https:\\\/\\\/activiture.com\\\/en\\\/about-us\\\/\"]}]},{\"@type\":\"ImageObject\",\"inLanguage\":\"en-US\",\"@id\":\"https:\\\/\\\/activiture.com\\\/en\\\/about-us\\\/#primaryimage\",\"url\":\"https:\\\/\\\/activiture.com\\\/wp-content\\\/uploads\\\/2024\\\/07\\\/hakkimizda.jpg\",\"contentUrl\":\"https:\\\/\\\/activiture.com\\\/wp-content\\\/uploads\\\/2024\\\/07\\\/hakkimizda.jpg\",\"width\":1871,\"height\":600},{\"@type\":\"BreadcrumbList\",\"@id\":\"https:\\\/\\\/activiture.com\\\/en\\\/about-us\\\/#breadcrumb\",\"itemListElement\":[{\"@type\":\"ListItem\",\"position\":1,\"name\":\"Home\",\"item\":\"https:\\\/\\\/activiture.com\\\/en\\\/\"},{\"@type\":\"ListItem\",\"position\":2,\"name\":\"About Us\"}]},{\"@type\":\"WebSite\",\"@id\":\"https:\\\/\\\/activiture.com\\\/en\\\/#website\",\"url\":\"https:\\\/\\\/activiture.com\\\/en\\\/\",\"name\":\"Activiture T\u00fcrkiye\",\"description\":\"Turlar, Yatlar , Villalar ve Y\u00fczlerce Aktivite Ke\u015ffetmen \u0130\u00e7in Seni bekliyor!\",\"potentialAction\":[{\"@type\":\"SearchAction\",\"target\":{\"@type\":\"EntryPoint\",\"urlTemplate\":\"https:\\\/\\\/activiture.com\\\/en\\\/?s={search_term_string}\"},\"query-input\":{\"@type\":\"PropertyValueSpecification\",\"valueRequired\":true,\"valueName\":\"search_term_string\"}}],\"inLanguage\":\"en-US\"}]}<\/script>\n<!-- \/ Yoast SEO plugin. -->","yoast_head_json":{"title":"About Us - Activiture T\u00fcrkiye","robots":{"index":"index","follow":"follow","max-snippet":"max-snippet:-1","max-image-preview":"max-image-preview:large","max-video-preview":"max-video-preview:-1"},"canonical":"https:\/\/activiture.com\/en\/about-us\/","og_locale":"en_US","og_type":"article","og_title":"About Us - Activiture T\u00fcrkiye","og_description":"ABOUT US Activiture is a brand of Hanuman Travel, a young and dynamic company born in 2017 in Fethiye-\u00d6l\u00fcdeniz, the hub for paragliding enthusiasts. In 2024, As a professional mountaineer and nature enthusiast, G\u00fcnt\u00fcl\u00fc Yal\u00e7\u0131n created the Activiture brand. She has lived her life like an adventure novel, hitchhiking through 36 countries and all 81 [&hellip;]","og_url":"https:\/\/activiture.com\/en\/about-us\/","og_site_name":"Activiture T\u00fcrkiye","article_modified_time":"2025-03-04T02:41:37+00:00","og_image":[{"width":1871,"height":600,"url":"https:\/\/activiture.com\/wp-content\/uploads\/2024\/07\/hakkimizda.jpg","type":"image\/jpeg"}],"twitter_card":"summary_large_image","twitter_misc":{"Est. reading time":"2 minutes"},"schema":{"@context":"https:\/\/schema.org","@graph":[{"@type":"WebPage","@id":"https:\/\/activiture.com\/en\/about-us\/","url":"https:\/\/activiture.com\/en\/about-us\/","name":"About Us - Activiture T\u00fcrkiye","isPartOf":{"@id":"https:\/\/activiture.com\/en\/#website"},"primaryImageOfPage":{"@id":"https:\/\/activiture.com\/en\/about-us\/#primaryimage"},"image":{"@id":"https:\/\/activiture.com\/en\/about-us\/#primaryimage"},"thumbnailUrl":"https:\/\/activiture.com\/wp-content\/uploads\/2024\/07\/hakkimizda.jpg","datePublished":"2022-04-16T23:51:28+00:00","dateModified":"2025-03-04T02:41:37+00:00","breadcrumb":{"@id":"https:\/\/activiture.com\/en\/about-us\/#breadcrumb"},"inLanguage":"en-US","potentialAction":[{"@type":"ReadAction","target":["https:\/\/activiture.com\/en\/about-us\/"]}]},{"@type":"ImageObject","inLanguage":"en-US","@id":"https:\/\/activiture.com\/en\/about-us\/#primaryimage","url":"https:\/\/activiture.com\/wp-content\/uploads\/2024\/07\/hakkimizda.jpg","contentUrl":"https:\/\/activiture.com\/wp-content\/uploads\/2024\/07\/hakkimizda.jpg","width":1871,"height":600},{"@type":"BreadcrumbList","@id":"https:\/\/activiture.com\/en\/about-us\/#breadcrumb","itemListElement":[{"@type":"ListItem","position":1,"name":"Home","item":"https:\/\/activiture.com\/en\/"},{"@type":"ListItem","position":2,"name":"About Us"}]},{"@type":"WebSite","@id":"https:\/\/activiture.com\/en\/#website","url":"https:\/\/activiture.com\/en\/","name":"Activiture T\u00fcrkiye","description":"Turlar, Yatlar , Villalar ve Y\u00fczlerce Aktivite Ke\u015ffetmen \u0130\u00e7in Seni bekliyor!","potentialAction":[{"@type":"SearchAction","target":{"@type":"EntryPoint","urlTemplate":"https:\/\/activiture.com\/en\/?s={search_term_string}"},"query-input":{"@type":"PropertyValueSpecification","valueRequired":true,"valueName":"search_term_string"}}],"inLanguage":"en-US"}]}},"_links":{"self":[{"href":"https:\/\/activiture.com\/en\/wp-json\/wp\/v2\/pages\/15178","targetHints":{"allow":["GET"]}}],"collection":[{"href":"https:\/\/activiture.com\/en\/wp-json\/wp\/v2\/pages"}],"about":[{"href":"https:\/\/activiture.com\/en\/wp-json\/wp\/v2\/types\/page"}],"author":[{"embeddable":true,"href":"https:\/\/activiture.com\/en\/wp-json\/wp\/v2\/users\/1"}],"replies":[{"embeddable":true,"href":"https:\/\/activiture.com\/en\/wp-json\/wp\/v2\/comments?post=15178"}],"version-history":[{"count":1,"href":"https:\/\/activiture.com\/en\/wp-json\/wp\/v2\/pages\/15178\/revisions"}],"predecessor-version":[{"id":15179,"href":"https:\/\/activiture.com\/en\/wp-json\/wp\/v2\/pages\/15178\/revisions\/15179"}],"wp:featuredmedia":[{"embeddable":true,"href":"https:\/\/activiture.com\/en\/wp-json\/wp\/v2\/media\/14870"}],"wp:attachment":[{"href":"https:\/\/activiture.com\/en\/wp-json\/wp\/v2\/media?parent=15178"}],"curies":[{"name":"wp","href":"https:\/\/api.w.org\/{rel}","templated":true}]}}