{"id":15140,"date":"2024-08-12T06:40:40","date_gmt":"2024-08-12T06:40:40","guid":{"rendered":"https:\/\/activiture.com\/covid-19\/"},"modified":"2024-08-12T06:40:40","modified_gmt":"2024-08-12T06:40:40","slug":"covid-19","status":"publish","type":"page","link":"https:\/\/activiture.com\/en\/covid-19\/","title":{"rendered":"Covid-19"},"content":{"rendered":"<h3>COVID-19 Precautions and Safety Measures<\/h3>\n<p>Hanuman Tourism Tic. LTD. \u015eT\u0130. the health and safety of our customers is always our top priority. During the COVID-19 pandemic, we meticulously carry out the measures we have taken and the measures we have implemented for our valued guests.<\/p>\n<ul>\n<li><strong>Hygiene Standards<\/strong>: All our vehicles are professionally disinfected before and after each use. Our personnel comply with personal hygiene rules and constantly use protective equipment such as masks and gloves.<\/li>\n<li><strong>Social Distancing<\/strong>: Our tours and in-car seating arrangements are organized in accordance with social distancing rules. Vehicle capacities are limited for our guests to have a comfortable and safe journey.<\/li>\n<li><strong>Health Checks<\/strong>: All our personnel undergo regular health checks. Employees showing symptoms of COVID-19 are immediately isolated and referred to the necessary health institutions.<\/li>\n<li><strong>Customer Information<\/strong>: All our guests are informed about up-to-date COVID-19 information and precautions before and during travel.<\/li>\n<\/ul>\n<p>Hanuman Tourism Tic. LTD. \u015eT\u0130. despite the challenges of the pandemic, we continue to offer a safe and enjoyable travel experience. We take all precautions for the health of you and your loved ones. We are here for you to travel safely.<\/p>\n","protected":false},"excerpt":{"rendered":"<p>COVID-19 Precautions and Safety Measures Hanuman Tourism Tic. LTD. \u015eT\u0130. the health and safety of our customers is always our top priority. During the COVID-19 pandemic, we meticulously carry out the measures we have taken and the measures we have implemented for our valued guests. Hygiene Standards: All our vehicles are professionally disinfected before and [&hellip;]<\/p>\n","protected":false},"author":1,"featured_media":0,"parent":0,"menu_order":0,"comment_status":"closed","ping_status":"closed","template":"","meta":{"footnotes":""},"class_list":["post-15140","page","type-page","status-publish","has-post-thumbnail","hentry"],"yoast_head":"<!-- This site is optimized with the Yoast SEO plugin v27.4 - https:\/\/yoast.com\/product\/yoast-seo-wordpress\/ -->\n<title>Covid-19 - Activiture T\u00fcrkiye<\/title>\n<meta name=\"robots\" content=\"index, follow, max-snippet:-1, max-image-preview:large, max-video-preview:-1\" \/>\n<link rel=\"canonical\" href=\"https:\/\/activiture.com\/en\/covid-19\/\" \/>\n<meta property=\"og:locale\" content=\"en_US\" \/>\n<meta property=\"og:type\" content=\"article\" \/>\n<meta property=\"og:title\" content=\"Covid-19 - Activiture T\u00fcrkiye\" \/>\n<meta property=\"og:description\" content=\"COVID-19 Precautions and Safety Measures Hanuman Tourism Tic. LTD. \u015eT\u0130. the health and safety of our customers is always our top priority. During the COVID-19 pandemic, we meticulously carry out the measures we have taken and the measures we have implemented for our valued guests. Hygiene Standards: All our vehicles are professionally disinfected before and [&hellip;]\" \/>\n<meta property=\"og:url\" content=\"https:\/\/activiture.com\/en\/covid-19\/\" \/>\n<meta property=\"og:site_name\" content=\"Activiture T\u00fcrkiye\" \/>\n<meta name=\"twitter:card\" content=\"summary_large_image\" \/>\n<meta name=\"twitter:label1\" content=\"Est. reading time\" \/>\n\t<meta name=\"twitter:data1\" content=\"1 minute\" \/>\n<script type=\"application\/ld+json\" class=\"yoast-schema-graph\">{\"@context\":\"https:\\\/\\\/schema.org\",\"@graph\":[{\"@type\":\"WebPage\",\"@id\":\"https:\\\/\\\/activiture.com\\\/en\\\/covid-19\\\/\",\"url\":\"https:\\\/\\\/activiture.com\\\/en\\\/covid-19\\\/\",\"name\":\"Covid-19 - Activiture T\u00fcrkiye\",\"isPartOf\":{\"@id\":\"https:\\\/\\\/activiture.com\\\/en\\\/#website\"},\"datePublished\":\"2024-08-12T06:40:40+00:00\",\"breadcrumb\":{\"@id\":\"https:\\\/\\\/activiture.com\\\/en\\\/covid-19\\\/#breadcrumb\"},\"inLanguage\":\"en-US\",\"potentialAction\":[{\"@type\":\"ReadAction\",\"target\":[\"https:\\\/\\\/activiture.com\\\/en\\\/covid-19\\\/\"]}]},{\"@type\":\"BreadcrumbList\",\"@id\":\"https:\\\/\\\/activiture.com\\\/en\\\/covid-19\\\/#breadcrumb\",\"itemListElement\":[{\"@type\":\"ListItem\",\"position\":1,\"name\":\"Home\",\"item\":\"https:\\\/\\\/activiture.com\\\/en\\\/\"},{\"@type\":\"ListItem\",\"position\":2,\"name\":\"Covid-19\"}]},{\"@type\":\"WebSite\",\"@id\":\"https:\\\/\\\/activiture.com\\\/en\\\/#website\",\"url\":\"https:\\\/\\\/activiture.com\\\/en\\\/\",\"name\":\"Activiture T\u00fcrkiye\",\"description\":\"Turlar, Yatlar , Villalar ve Y\u00fczlerce Aktivite Ke\u015ffetmen \u0130\u00e7in Seni bekliyor!\",\"potentialAction\":[{\"@type\":\"SearchAction\",\"target\":{\"@type\":\"EntryPoint\",\"urlTemplate\":\"https:\\\/\\\/activiture.com\\\/en\\\/?s={search_term_string}\"},\"query-input\":{\"@type\":\"PropertyValueSpecification\",\"valueRequired\":true,\"valueName\":\"search_term_string\"}}],\"inLanguage\":\"en-US\"}]}<\/script>\n<!-- \/ Yoast SEO plugin. -->","yoast_head_json":{"title":"Covid-19 - Activiture T\u00fcrkiye","robots":{"index":"index","follow":"follow","max-snippet":"max-snippet:-1","max-image-preview":"max-image-preview:large","max-video-preview":"max-video-preview:-1"},"canonical":"https:\/\/activiture.com\/en\/covid-19\/","og_locale":"en_US","og_type":"article","og_title":"Covid-19 - Activiture T\u00fcrkiye","og_description":"COVID-19 Precautions and Safety Measures Hanuman Tourism Tic. LTD. \u015eT\u0130. the health and safety of our customers is always our top priority. During the COVID-19 pandemic, we meticulously carry out the measures we have taken and the measures we have implemented for our valued guests. Hygiene Standards: All our vehicles are professionally disinfected before and [&hellip;]","og_url":"https:\/\/activiture.com\/en\/covid-19\/","og_site_name":"Activiture T\u00fcrkiye","twitter_card":"summary_large_image","twitter_misc":{"Est. reading time":"1 minute"},"schema":{"@context":"https:\/\/schema.org","@graph":[{"@type":"WebPage","@id":"https:\/\/activiture.com\/en\/covid-19\/","url":"https:\/\/activiture.com\/en\/covid-19\/","name":"Covid-19 - Activiture T\u00fcrkiye","isPartOf":{"@id":"https:\/\/activiture.com\/en\/#website"},"datePublished":"2024-08-12T06:40:40+00:00","breadcrumb":{"@id":"https:\/\/activiture.com\/en\/covid-19\/#breadcrumb"},"inLanguage":"en-US","potentialAction":[{"@type":"ReadAction","target":["https:\/\/activiture.com\/en\/covid-19\/"]}]},{"@type":"BreadcrumbList","@id":"https:\/\/activiture.com\/en\/covid-19\/#breadcrumb","itemListElement":[{"@type":"ListItem","position":1,"name":"Home","item":"https:\/\/activiture.com\/en\/"},{"@type":"ListItem","position":2,"name":"Covid-19"}]},{"@type":"WebSite","@id":"https:\/\/activiture.com\/en\/#website","url":"https:\/\/activiture.com\/en\/","name":"Activiture T\u00fcrkiye","description":"Turlar, Yatlar , Villalar ve Y\u00fczlerce Aktivite Ke\u015ffetmen \u0130\u00e7in Seni bekliyor!","potentialAction":[{"@type":"SearchAction","target":{"@type":"EntryPoint","urlTemplate":"https:\/\/activiture.com\/en\/?s={search_term_string}"},"query-input":{"@type":"PropertyValueSpecification","valueRequired":true,"valueName":"search_term_string"}}],"inLanguage":"en-US"}]}},"_links":{"self":[{"href":"https:\/\/activiture.com\/en\/wp-json\/wp\/v2\/pages\/15140","targetHints":{"allow":["GET"]}}],"collection":[{"href":"https:\/\/activiture.com\/en\/wp-json\/wp\/v2\/pages"}],"about":[{"href":"https:\/\/activiture.com\/en\/wp-json\/wp\/v2\/types\/page"}],"author":[{"embeddable":true,"href":"https:\/\/activiture.com\/en\/wp-json\/wp\/v2\/users\/1"}],"replies":[{"embeddable":true,"href":"https:\/\/activiture.com\/en\/wp-json\/wp\/v2\/comments?post=15140"}],"version-history":[{"count":0,"href":"https:\/\/activiture.com\/en\/wp-json\/wp\/v2\/pages\/15140\/revisions"}],"wp:attachment":[{"href":"https:\/\/activiture.com\/en\/wp-json\/wp\/v2\/media?parent=15140"}],"curies":[{"name":"wp","href":"https:\/\/api.w.org\/{rel}","templated":true}]}}