{"id":15137,"date":"2025-03-03T23:15:38","date_gmt":"2025-03-03T23:15:38","guid":{"rendered":"https:\/\/activiture.com\/blog\/"},"modified":"2025-03-03T23:15:38","modified_gmt":"2025-03-03T23:15:38","slug":"blog","status":"publish","type":"page","link":"https:\/\/activiture.com\/en\/blog\/","title":{"rendered":"Blog"},"content":{"rendered":"","protected":false},"excerpt":{"rendered":"","protected":false},"author":1,"featured_media":15101,"parent":0,"menu_order":0,"comment_status":"closed","ping_status":"closed","template":"template-blog.php","meta":{"footnotes":""},"class_list":["post-15137","page","type-page","status-publish","has-post-thumbnail","hentry"],"yoast_head":"<!-- This site is optimized with the Yoast SEO plugin v27.4 - https:\/\/yoast.com\/product\/yoast-seo-wordpress\/ -->\n<title>Blog - Activiture T\u00fcrkiye<\/title>\n<meta name=\"robots\" content=\"index, follow, max-snippet:-1, max-image-preview:large, max-video-preview:-1\" \/>\n<link rel=\"canonical\" href=\"https:\/\/activiture.com\/en\/blog\/\" \/>\n<meta property=\"og:locale\" content=\"en_US\" \/>\n<meta property=\"og:type\" content=\"article\" \/>\n<meta property=\"og:title\" content=\"Blog - Activiture T\u00fcrkiye\" \/>\n<meta property=\"og:url\" content=\"https:\/\/activiture.com\/en\/blog\/\" \/>\n<meta property=\"og:site_name\" content=\"Activiture T\u00fcrkiye\" \/>\n<meta name=\"twitter:card\" content=\"summary_large_image\" \/>\n<script type=\"application\/ld+json\" class=\"yoast-schema-graph\">{\"@context\":\"https:\\\/\\\/schema.org\",\"@graph\":[{\"@type\":\"WebPage\",\"@id\":\"https:\\\/\\\/activiture.com\\\/en\\\/blog\\\/\",\"url\":\"https:\\\/\\\/activiture.com\\\/en\\\/blog\\\/\",\"name\":\"Blog - Activiture T\u00fcrkiye\",\"isPartOf\":{\"@id\":\"https:\\\/\\\/activiture.com\\\/en\\\/#website\"},\"primaryImageOfPage\":{\"@id\":\"https:\\\/\\\/activiture.com\\\/en\\\/blog\\\/#primaryimage\"},\"image\":{\"@id\":\"https:\\\/\\\/activiture.com\\\/en\\\/blog\\\/#primaryimage\"},\"thumbnailUrl\":\"https:\\\/\\\/activiture.com\\\/wp-content\\\/uploads\\\/2022\\\/04\\\/banner-search-form-min.png\",\"datePublished\":\"2025-03-03T23:15:38+00:00\",\"breadcrumb\":{\"@id\":\"https:\\\/\\\/activiture.com\\\/en\\\/blog\\\/#breadcrumb\"},\"inLanguage\":\"en-US\",\"potentialAction\":[{\"@type\":\"ReadAction\",\"target\":[\"https:\\\/\\\/activiture.com\\\/en\\\/blog\\\/\"]}]},{\"@type\":\"ImageObject\",\"inLanguage\":\"en-US\",\"@id\":\"https:\\\/\\\/activiture.com\\\/en\\\/blog\\\/#primaryimage\",\"url\":\"https:\\\/\\\/activiture.com\\\/wp-content\\\/uploads\\\/2022\\\/04\\\/banner-search-form-min.png\",\"contentUrl\":\"https:\\\/\\\/activiture.com\\\/wp-content\\\/uploads\\\/2022\\\/04\\\/banner-search-form-min.png\",\"width\":3840,\"height\":800},{\"@type\":\"BreadcrumbList\",\"@id\":\"https:\\\/\\\/activiture.com\\\/en\\\/blog\\\/#breadcrumb\",\"itemListElement\":[{\"@type\":\"ListItem\",\"position\":1,\"name\":\"Home\",\"item\":\"https:\\\/\\\/activiture.com\\\/en\\\/\"},{\"@type\":\"ListItem\",\"position\":2,\"name\":\"Blog\"}]},{\"@type\":\"WebSite\",\"@id\":\"https:\\\/\\\/activiture.com\\\/en\\\/#website\",\"url\":\"https:\\\/\\\/activiture.com\\\/en\\\/\",\"name\":\"Activiture T\u00fcrkiye\",\"description\":\"Turlar, Yatlar , Villalar ve Y\u00fczlerce Aktivite Ke\u015ffetmen \u0130\u00e7in Seni bekliyor!\",\"potentialAction\":[{\"@type\":\"SearchAction\",\"target\":{\"@type\":\"EntryPoint\",\"urlTemplate\":\"https:\\\/\\\/activiture.com\\\/en\\\/?s={search_term_string}\"},\"query-input\":{\"@type\":\"PropertyValueSpecification\",\"valueRequired\":true,\"valueName\":\"search_term_string\"}}],\"inLanguage\":\"en-US\"}]}<\/script>\n<!-- \/ Yoast SEO plugin. -->","yoast_head_json":{"title":"Blog - Activiture T\u00fcrkiye","robots":{"index":"index","follow":"follow","max-snippet":"max-snippet:-1","max-image-preview":"max-image-preview:large","max-video-preview":"max-video-preview:-1"},"canonical":"https:\/\/activiture.com\/en\/blog\/","og_locale":"en_US","og_type":"article","og_title":"Blog - Activiture T\u00fcrkiye","og_url":"https:\/\/activiture.com\/en\/blog\/","og_site_name":"Activiture T\u00fcrkiye","twitter_card":"summary_large_image","schema":{"@context":"https:\/\/schema.org","@graph":[{"@type":"WebPage","@id":"https:\/\/activiture.com\/en\/blog\/","url":"https:\/\/activiture.com\/en\/blog\/","name":"Blog - Activiture T\u00fcrkiye","isPartOf":{"@id":"https:\/\/activiture.com\/en\/#website"},"primaryImageOfPage":{"@id":"https:\/\/activiture.com\/en\/blog\/#primaryimage"},"image":{"@id":"https:\/\/activiture.com\/en\/blog\/#primaryimage"},"thumbnailUrl":"https:\/\/activiture.com\/wp-content\/uploads\/2022\/04\/banner-search-form-min.png","datePublished":"2025-03-03T23:15:38+00:00","breadcrumb":{"@id":"https:\/\/activiture.com\/en\/blog\/#breadcrumb"},"inLanguage":"en-US","potentialAction":[{"@type":"ReadAction","target":["https:\/\/activiture.com\/en\/blog\/"]}]},{"@type":"ImageObject","inLanguage":"en-US","@id":"https:\/\/activiture.com\/en\/blog\/#primaryimage","url":"https:\/\/activiture.com\/wp-content\/uploads\/2022\/04\/banner-search-form-min.png","contentUrl":"https:\/\/activiture.com\/wp-content\/uploads\/2022\/04\/banner-search-form-min.png","width":3840,"height":800},{"@type":"BreadcrumbList","@id":"https:\/\/activiture.com\/en\/blog\/#breadcrumb","itemListElement":[{"@type":"ListItem","position":1,"name":"Home","item":"https:\/\/activiture.com\/en\/"},{"@type":"ListItem","position":2,"name":"Blog"}]},{"@type":"WebSite","@id":"https:\/\/activiture.com\/en\/#website","url":"https:\/\/activiture.com\/en\/","name":"Activiture T\u00fcrkiye","description":"Turlar, Yatlar , Villalar ve Y\u00fczlerce Aktivite Ke\u015ffetmen \u0130\u00e7in Seni bekliyor!","potentialAction":[{"@type":"SearchAction","target":{"@type":"EntryPoint","urlTemplate":"https:\/\/activiture.com\/en\/?s={search_term_string}"},"query-input":{"@type":"PropertyValueSpecification","valueRequired":true,"valueName":"search_term_string"}}],"inLanguage":"en-US"}]}},"_links":{"self":[{"href":"https:\/\/activiture.com\/en\/wp-json\/wp\/v2\/pages\/15137","targetHints":{"allow":["GET"]}}],"collection":[{"href":"https:\/\/activiture.com\/en\/wp-json\/wp\/v2\/pages"}],"about":[{"href":"https:\/\/activiture.com\/en\/wp-json\/wp\/v2\/types\/page"}],"author":[{"embeddable":true,"href":"https:\/\/activiture.com\/en\/wp-json\/wp\/v2\/users\/1"}],"replies":[{"embeddable":true,"href":"https:\/\/activiture.com\/en\/wp-json\/wp\/v2\/comments?post=15137"}],"version-history":[{"count":0,"href":"https:\/\/activiture.com\/en\/wp-json\/wp\/v2\/pages\/15137\/revisions"}],"wp:featuredmedia":[{"embeddable":true,"href":"https:\/\/activiture.com\/en\/wp-json\/wp\/v2\/media\/15101"}],"wp:attachment":[{"href":"https:\/\/activiture.com\/en\/wp-json\/wp\/v2\/media?parent=15137"}],"curies":[{"name":"wp","href":"https:\/\/api.w.org\/{rel}","templated":true}]}}